{"id":128,"date":"2021-12-09T15:53:31","date_gmt":"2021-12-09T15:53:31","guid":{"rendered":"https:\/\/www.finexfocus.com\/?page_id=128"},"modified":"2021-12-14T12:43:25","modified_gmt":"2021-12-14T12:43:25","slug":"privacy","status":"publish","type":"page","link":"https:\/\/www.finexfocus.com\/de\/privacy\/","title":{"rendered":"Datenschutz"},"content":{"rendered":"<h2 class=\"alignwide has-large-font-size wp-block-heading translation-block\"><strong>Personenbezogene Daten<\/strong><br><br>Unsere Website speichert keine pers\u00f6nlichen Daten, sie speichert keinerlei Daten! Wir verwenden keine Cookies, Tracking, Newsletters oder irgendeine Form der Sammlung von pers\u00f6nlichen Daten. <br><br>Wenn Sie noch Fragen zu dieser Seite oder zu pers\u00f6nlichen Daten haben, k\u00f6nnen Sie uns gerne jederzeit unter der E-Mail-Adresse: <a href=\"mailto:info@finexfocus.com\" data-type=\"mailto\" data-id=\"mailto:info@finexfocus.com\" target=\"_self\">info@finexfocus.com<\/a> erreichen.<br><br>Da wir keine Daten sammeln, k\u00f6nnen wir auch keine Daten verkaufen oder an Dritte weitergeben.<\/h2>\n\n\n\n<div style=\"height:21px\" aria-hidden=\"true\" class=\"wp-block-spacer\"><\/div>\n\n\n\n<h2 class=\"alignwide has-large-font-size wp-block-heading translation-block\"><strong>Cookies<\/strong><br><br>Ein Cookie ist eine kleine Textdatei, die eine Website auf Ihrem Computer oder Mobilger\u00e4t speichert, wenn Sie die Website besuchen.<br><br>Unsere Website verwendet keine Cookies!<\/h2>\n\n\n\n<div style=\"height:20px\" aria-hidden=\"true\" class=\"wp-block-spacer\"><\/div>\n\n\n\n<figure class=\"wp-block-image alignwide size-full\"><img loading=\"lazy\" decoding=\"async\" width=\"649\" height=\"100\" src=\"https:\/\/www.finexfocus.com\/wp-content\/uploads\/2021\/12\/BlockchainSmall.png\" alt=\"\" class=\"wp-image-135\" srcset=\"https:\/\/www.finexfocus.com\/wp-content\/uploads\/2021\/12\/BlockchainSmall.png 649w, https:\/\/www.finexfocus.com\/wp-content\/uploads\/2021\/12\/BlockchainSmall-300x46.png 300w\" sizes=\"auto, (max-width: 649px) 100vw, 649px\" \/><\/figure>\n\n\n\n<div style=\"height:20px\" aria-hidden=\"true\" class=\"wp-block-spacer\"><\/div>\n\n\n\n<p><\/p>\n\n\n\n<h2 class=\"alignwide has-large-font-size wp-block-heading translation-block\"><strong>Kontakt<\/strong><br><br>Wenn Sie noch Fragen haben oder uns kontaktieren m\u00f6chten, nutzen Sie bitte unsere E-Mail: <a href=\"mailto:info@finexfocus.com\" target=\"_self\">info@finexfocus.com<\/a> und wir werden Sie schnellstm\u00f6glich kontaktieren.<\/h2>\n\n\n\n<p><\/p>","protected":false},"excerpt":{"rendered":"<p>Personal Data Our website does not store your personal data, it does not store any data! We don&#8217;t use cookies, tracking, news letters or any form to collect personal data. If you still have any question concerning this site or personal data, please feel free to contact us at: info@finexfocus.com. As we don&#8217;t collect any&hellip; <a class=\"more-link\" href=\"https:\/\/www.finexfocus.com\/de\/privacy\/\"><span class=\"screen-reader-text\">Datenschutz<\/span> weiterlesen<\/a><\/p>","protected":false},"author":1,"featured_media":0,"parent":0,"menu_order":0,"comment_status":"closed","ping_status":"closed","template":"","meta":{"footnotes":""},"class_list":["post-128","page","type-page","status-publish","hentry","entry"],"yoast_head":"<!-- This site is optimized with the Yoast SEO plugin v27.6 - https:\/\/yoast.com\/product\/yoast-seo-wordpress\/ -->\n<title>Privacy - Crypto is the Future money<\/title>\n<meta name=\"robots\" content=\"index, follow, max-snippet:-1, max-image-preview:large, max-video-preview:-1\" \/>\n<link rel=\"canonical\" href=\"https:\/\/www.finexfocus.com\/de\/privacy\/\" \/>\n<meta property=\"og:locale\" content=\"de_DE\" \/>\n<meta property=\"og:type\" content=\"article\" \/>\n<meta property=\"og:title\" content=\"Privacy - Crypto is the Future money\" \/>\n<meta property=\"og:description\" content=\"Personal Data Our website does not store your personal data, it does not store any data! We don&#8217;t use cookies, tracking, news letters or any form to collect personal data. If you still have any question concerning this site or personal data, please feel free to contact us at: info@finexfocus.com. As we don&#8217;t collect any&hellip; Privacy weiterlesen\" \/>\n<meta property=\"og:url\" content=\"https:\/\/www.finexfocus.com\/de\/privacy\/\" \/>\n<meta property=\"og:site_name\" content=\"Crypto is the Future money\" \/>\n<meta property=\"article:modified_time\" content=\"2021-12-14T12:43:25+00:00\" \/>\n<meta property=\"og:image\" content=\"https:\/\/www.finexfocus.com\/wp-content\/uploads\/2021\/12\/BlockchainSmall.png\" \/>\n<meta name=\"twitter:card\" content=\"summary_large_image\" \/>\n<meta name=\"twitter:label1\" content=\"Gesch\u00e4tzte Lesezeit\" \/>\n\t<meta name=\"twitter:data1\" content=\"1\u00a0Minute\" \/>\n<script type=\"application\/ld+json\" class=\"yoast-schema-graph\">{\"@context\":\"https:\\\/\\\/schema.org\",\"@graph\":[{\"@type\":\"WebPage\",\"@id\":\"https:\\\/\\\/www.finexfocus.com\\\/privacy\\\/\",\"url\":\"https:\\\/\\\/www.finexfocus.com\\\/privacy\\\/\",\"name\":\"Privacy - Crypto is the Future money\",\"isPartOf\":{\"@id\":\"https:\\\/\\\/www.finexfocus.com\\\/#website\"},\"primaryImageOfPage\":{\"@id\":\"https:\\\/\\\/www.finexfocus.com\\\/privacy\\\/#primaryimage\"},\"image\":{\"@id\":\"https:\\\/\\\/www.finexfocus.com\\\/privacy\\\/#primaryimage\"},\"thumbnailUrl\":\"https:\\\/\\\/www.finexfocus.com\\\/wp-content\\\/uploads\\\/2021\\\/12\\\/BlockchainSmall.png\",\"datePublished\":\"2021-12-09T15:53:31+00:00\",\"dateModified\":\"2021-12-14T12:43:25+00:00\",\"breadcrumb\":{\"@id\":\"https:\\\/\\\/www.finexfocus.com\\\/privacy\\\/#breadcrumb\"},\"inLanguage\":\"de\",\"potentialAction\":[{\"@type\":\"ReadAction\",\"target\":[\"https:\\\/\\\/www.finexfocus.com\\\/privacy\\\/\"]}]},{\"@type\":\"ImageObject\",\"inLanguage\":\"de\",\"@id\":\"https:\\\/\\\/www.finexfocus.com\\\/privacy\\\/#primaryimage\",\"url\":\"https:\\\/\\\/www.finexfocus.com\\\/wp-content\\\/uploads\\\/2021\\\/12\\\/BlockchainSmall.png\",\"contentUrl\":\"https:\\\/\\\/www.finexfocus.com\\\/wp-content\\\/uploads\\\/2021\\\/12\\\/BlockchainSmall.png\"},{\"@type\":\"BreadcrumbList\",\"@id\":\"https:\\\/\\\/www.finexfocus.com\\\/privacy\\\/#breadcrumb\",\"itemListElement\":[{\"@type\":\"ListItem\",\"position\":1,\"name\":\"Home\",\"item\":\"https:\\\/\\\/www.finexfocus.com\\\/\"},{\"@type\":\"ListItem\",\"position\":2,\"name\":\"Privacy\"}]},{\"@type\":\"WebSite\",\"@id\":\"https:\\\/\\\/www.finexfocus.com\\\/#website\",\"url\":\"https:\\\/\\\/www.finexfocus.com\\\/\",\"name\":\"Crypto is the Future money\",\"description\":\"Start earning passive income through the growing crypto market using referral codes\",\"publisher\":{\"@id\":\"https:\\\/\\\/www.finexfocus.com\\\/#organization\"},\"potentialAction\":[{\"@type\":\"SearchAction\",\"target\":{\"@type\":\"EntryPoint\",\"urlTemplate\":\"https:\\\/\\\/www.finexfocus.com\\\/?s={search_term_string}\"},\"query-input\":{\"@type\":\"PropertyValueSpecification\",\"valueRequired\":true,\"valueName\":\"search_term_string\"}}],\"inLanguage\":\"de\"},{\"@type\":\"Organization\",\"@id\":\"https:\\\/\\\/www.finexfocus.com\\\/#organization\",\"name\":\"Financial Exchange Focus on Crypto\",\"url\":\"https:\\\/\\\/www.finexfocus.com\\\/\",\"logo\":{\"@type\":\"ImageObject\",\"inLanguage\":\"de\",\"@id\":\"https:\\\/\\\/www.finexfocus.com\\\/#\\\/schema\\\/logo\\\/image\\\/\",\"url\":\"https:\\\/\\\/www.finexfocus.com\\\/wp-content\\\/uploads\\\/2021\\\/12\\\/LogoFinexfocus.png\",\"contentUrl\":\"https:\\\/\\\/www.finexfocus.com\\\/wp-content\\\/uploads\\\/2021\\\/12\\\/LogoFinexfocus.png\",\"width\":143,\"height\":144,\"caption\":\"Financial Exchange Focus on Crypto\"},\"image\":{\"@id\":\"https:\\\/\\\/www.finexfocus.com\\\/#\\\/schema\\\/logo\\\/image\\\/\"}}]}<\/script>\n<!-- \/ Yoast SEO plugin. -->","yoast_head_json":{"title":"Privacy - Crypto is the Future money","robots":{"index":"index","follow":"follow","max-snippet":"max-snippet:-1","max-image-preview":"max-image-preview:large","max-video-preview":"max-video-preview:-1"},"canonical":"https:\/\/www.finexfocus.com\/de\/privacy\/","og_locale":"de_DE","og_type":"article","og_title":"Privacy - Crypto is the Future money","og_description":"Personal Data Our website does not store your personal data, it does not store any data! We don&#8217;t use cookies, tracking, news letters or any form to collect personal data. If you still have any question concerning this site or personal data, please feel free to contact us at: info@finexfocus.com. As we don&#8217;t collect any&hellip; Privacy weiterlesen","og_url":"https:\/\/www.finexfocus.com\/de\/privacy\/","og_site_name":"Crypto is the Future money","article_modified_time":"2021-12-14T12:43:25+00:00","og_image":[{"url":"https:\/\/www.finexfocus.com\/wp-content\/uploads\/2021\/12\/BlockchainSmall.png","type":"","width":"","height":""}],"twitter_card":"summary_large_image","twitter_misc":{"Gesch\u00e4tzte Lesezeit":"1\u00a0Minute"},"schema":{"@context":"https:\/\/schema.org","@graph":[{"@type":"WebPage","@id":"https:\/\/www.finexfocus.com\/privacy\/","url":"https:\/\/www.finexfocus.com\/privacy\/","name":"Privacy - Crypto is the Future money","isPartOf":{"@id":"https:\/\/www.finexfocus.com\/#website"},"primaryImageOfPage":{"@id":"https:\/\/www.finexfocus.com\/privacy\/#primaryimage"},"image":{"@id":"https:\/\/www.finexfocus.com\/privacy\/#primaryimage"},"thumbnailUrl":"https:\/\/www.finexfocus.com\/wp-content\/uploads\/2021\/12\/BlockchainSmall.png","datePublished":"2021-12-09T15:53:31+00:00","dateModified":"2021-12-14T12:43:25+00:00","breadcrumb":{"@id":"https:\/\/www.finexfocus.com\/privacy\/#breadcrumb"},"inLanguage":"de","potentialAction":[{"@type":"ReadAction","target":["https:\/\/www.finexfocus.com\/privacy\/"]}]},{"@type":"ImageObject","inLanguage":"de","@id":"https:\/\/www.finexfocus.com\/privacy\/#primaryimage","url":"https:\/\/www.finexfocus.com\/wp-content\/uploads\/2021\/12\/BlockchainSmall.png","contentUrl":"https:\/\/www.finexfocus.com\/wp-content\/uploads\/2021\/12\/BlockchainSmall.png"},{"@type":"BreadcrumbList","@id":"https:\/\/www.finexfocus.com\/privacy\/#breadcrumb","itemListElement":[{"@type":"ListItem","position":1,"name":"Home","item":"https:\/\/www.finexfocus.com\/"},{"@type":"ListItem","position":2,"name":"Privacy"}]},{"@type":"WebSite","@id":"https:\/\/www.finexfocus.com\/#website","url":"https:\/\/www.finexfocus.com\/","name":"Krypto ist das Geld der Zukunft","description":"Verdienen Sie passives Einkommen durch den wachsenden Kryptomarkt mit Referral Codes","publisher":{"@id":"https:\/\/www.finexfocus.com\/#organization"},"potentialAction":[{"@type":"SearchAction","target":{"@type":"EntryPoint","urlTemplate":"https:\/\/www.finexfocus.com\/?s={search_term_string}"},"query-input":{"@type":"PropertyValueSpecification","valueRequired":true,"valueName":"search_term_string"}}],"inLanguage":"de"},{"@type":"Organization","@id":"https:\/\/www.finexfocus.com\/#organization","name":"Financial Exchange Focus on Crypto","url":"https:\/\/www.finexfocus.com\/","logo":{"@type":"ImageObject","inLanguage":"de","@id":"https:\/\/www.finexfocus.com\/#\/schema\/logo\/image\/","url":"https:\/\/www.finexfocus.com\/wp-content\/uploads\/2021\/12\/LogoFinexfocus.png","contentUrl":"https:\/\/www.finexfocus.com\/wp-content\/uploads\/2021\/12\/LogoFinexfocus.png","width":143,"height":144,"caption":"Financial Exchange Focus on Crypto"},"image":{"@id":"https:\/\/www.finexfocus.com\/#\/schema\/logo\/image\/"}}]}},"_links":{"self":[{"href":"https:\/\/www.finexfocus.com\/de\/wp-json\/wp\/v2\/pages\/128","targetHints":{"allow":["GET"]}}],"collection":[{"href":"https:\/\/www.finexfocus.com\/de\/wp-json\/wp\/v2\/pages"}],"about":[{"href":"https:\/\/www.finexfocus.com\/de\/wp-json\/wp\/v2\/types\/page"}],"author":[{"embeddable":true,"href":"https:\/\/www.finexfocus.com\/de\/wp-json\/wp\/v2\/users\/1"}],"replies":[{"embeddable":true,"href":"https:\/\/www.finexfocus.com\/de\/wp-json\/wp\/v2\/comments?post=128"}],"version-history":[{"count":4,"href":"https:\/\/www.finexfocus.com\/de\/wp-json\/wp\/v2\/pages\/128\/revisions"}],"predecessor-version":[{"id":162,"href":"https:\/\/www.finexfocus.com\/de\/wp-json\/wp\/v2\/pages\/128\/revisions\/162"}],"wp:attachment":[{"href":"https:\/\/www.finexfocus.com\/de\/wp-json\/wp\/v2\/media?parent=128"}],"curies":[{"name":"wp","href":"https:\/\/api.w.org\/{rel}","templated":true}]}}