{"id":5,"date":"2021-11-23T15:49:13","date_gmt":"2021-11-23T15:49:13","guid":{"rendered":"https:\/\/www.finexfocus.com\/?page_id=5"},"modified":"2021-12-15T10:34:42","modified_gmt":"2021-12-15T09:34:42","slug":"maak-je-site-met-blokken","status":"publish","type":"page","link":"https:\/\/www.finexfocus.com\/de\/","title":{"rendered":"Crypto Binance Bittrex"},"content":{"rendered":"<div style=\"height:29px\" aria-hidden=\"true\" class=\"wp-block-spacer\"><\/div>\n\n\n\n<h1 class=\"alignwide has-text-align-wide has-black-color has-text-color has-extra-large-font-size wp-block-heading translation-block\" style=\"line-height:1.1\">Im Moment verliert das Geld sehr schnell an Wert. Die meisten Banken verlangen Geb\u00fchren, wenn Sie Ihr Geld auf dem Konto lassen. Bei Sparkonten liegt der Zinssatz fast bei Null. Wenn man bedenkt, dass Kryptos, wie zum Beispiel Bitcoin, in den letzten 3 Jahren <span class=\"has-inline-color has-black-color\"><strong>+300%<\/strong> <\/span>Renditen erzielt haben, dann wird schnell klar, in was man investieren sollte.<\/h1>\n\n\n\n<div style=\"height:37px\" aria-hidden=\"true\" class=\"wp-block-spacer\"><\/div>\n\n\n\n<figure class=\"wp-block-image alignwide size-full\"><img loading=\"lazy\" decoding=\"async\" width=\"649\" height=\"100\" src=\"https:\/\/www.finexfocus.com\/wp-content\/uploads\/2021\/12\/BlockchainSmall.png\" alt=\"\" class=\"wp-image-135\" srcset=\"https:\/\/www.finexfocus.com\/wp-content\/uploads\/2021\/12\/BlockchainSmall.png 649w, https:\/\/www.finexfocus.com\/wp-content\/uploads\/2021\/12\/BlockchainSmall-300x46.png 300w\" sizes=\"auto, (max-width: 649px) 100vw, 649px\" \/><\/figure>\n\n\n\n<div style=\"height:37px\" aria-hidden=\"true\" class=\"wp-block-spacer\"><\/div>\n\n\n\n<div class=\"wp-block-columns alignwide are-vertically-aligned-top is-layout-flex wp-container-core-columns-is-layout-9d6595d7 wp-block-columns-is-layout-flex\">\n<div class=\"wp-block-column is-vertically-aligned-top is-layout-flow wp-block-column-is-layout-flow\">\n<h3 class=\"has-black-color has-text-color wp-block-heading translation-block\"><span class=\"has-inline-color has-black-color\">Der beste Weg, mit dem Kryptohandel Geld zu verdienen, ist die <a href=\"https:\/\/www.finexfocus.com\/de\/binance-exchange\/\" data-type=\"URL\" data-id=\"finexfocus.com\/binance-exchange\" target=\"_self\">Binance<\/a> oder <a href=\"http:\/\/finexfocus. com\/bittrex\/\" data-type=\"page\" data-id=\"120\" target=\"_self\">Bittrex<\/a> B\u00f6rse, da sie eine der gr\u00f6\u00dften vertrauensw\u00fcrdigen Kryptob\u00f6rsen der Welt sind. <\/span><span class=\"has-inline-color has-white-color\"> <\/span>Der Handel mit Kryptos ist so einfach wie das Einkaufen im Internet. Dar\u00fcber hinaus k\u00f6nnen Sie beim Handel bis zu 40% Rabatt auf Ihre Handelskosten erhalten. Sie k\u00f6nnen auch Ihre Freunde einladen, mit dem Handel zu beginnen und an jedem Handel verdienen, den sie t\u00e4tigen!<\/h3>\n<\/div>\n\n\n\n<div class=\"wp-block-column is-vertically-aligned-top is-layout-flow wp-block-column-is-layout-flow\">\n<figure class=\"wp-block-image size-full\"><img loading=\"lazy\" decoding=\"async\" width=\"700\" height=\"525\" src=\"https:\/\/www.finexfocus.com\/wp-content\/uploads\/2021\/12\/ChartBTCvsMoney-1.png\" alt=\"\" class=\"wp-image-36\" srcset=\"https:\/\/www.finexfocus.com\/wp-content\/uploads\/2021\/12\/ChartBTCvsMoney-1.png 700w, https:\/\/www.finexfocus.com\/wp-content\/uploads\/2021\/12\/ChartBTCvsMoney-1-300x225.png 300w\" sizes=\"auto, (max-width: 700px) 100vw, 700px\" \/><\/figure>\n<\/div>\n<\/div>\n\n\n\n<div class=\"wp-block-columns alignwide are-vertically-aligned-center is-style-twentytwentyone-columns-overlap is-layout-flex wp-container-core-columns-is-layout-9d6595d7 wp-block-columns-is-layout-flex\">\n<div class=\"wp-block-column is-vertically-aligned-center is-layout-flow wp-block-column-is-layout-flow\">\n<div style=\"height:53px\" aria-hidden=\"true\" class=\"wp-block-spacer\"><\/div>\n\n\n\n<figure class=\"wp-block-image alignfull size-full\"><img loading=\"lazy\" decoding=\"async\" width=\"649\" height=\"100\" src=\"https:\/\/www.finexfocus.com\/wp-content\/uploads\/2021\/12\/BlockchainSmall.png\" alt=\"\" class=\"wp-image-135\" srcset=\"https:\/\/www.finexfocus.com\/wp-content\/uploads\/2021\/12\/BlockchainSmall.png 649w, https:\/\/www.finexfocus.com\/wp-content\/uploads\/2021\/12\/BlockchainSmall-300x46.png 300w\" sizes=\"auto, (max-width: 649px) 100vw, 649px\" \/><\/figure>\n<\/div>\n<\/div>\n\n\n\n<div style=\"height:26px\" aria-hidden=\"true\" class=\"wp-block-spacer\"><\/div>\n\n\n\n<div class=\"wp-block-columns alignwide are-vertically-aligned-top is-layout-flex wp-container-core-columns-is-layout-9d6595d7 wp-block-columns-is-layout-flex\">\n<div class=\"wp-block-column is-vertically-aligned-top is-layout-flow wp-block-column-is-layout-flow\">\n<h3 class=\"wp-block-heading\">Die Rolle der Kryptow\u00e4hrungen<\/h3>\n\n\n\n<p>Blockchain-basierte Kryptow\u00e4hrungen als dezentralisierte Plattformen erm\u00f6glichen es Einzelpersonen, Finanztransaktionen (oder Vertr\u00e4ge) auf Gleichrangigkeit (Peer-to-Peer) durchzuf\u00fchren. Es besteht keine Notwendigkeit f\u00fcr einen vertrauensw\u00fcrdigen Vermittler wie eine Bank, eine W\u00e4hrungsbeh\u00f6rde, ein Gericht oder einen Richter. Eine solche Plattform hat das Potenzial, die bestehende Finanzordnung zu st\u00f6ren. Das Finanzwesen k\u00f6nnte auch demokratisiert werden. Diese gro\u00dfen Vorteile lie\u00dfen den Bereich der Kryptow\u00e4hrungen in den letzten zehn Jahren exponentiell wachsen, mit neuen Innovationen und einer Marktkapitalisierung von insgesamt mehr als 2,5 Billionen Dollar. <\/p>\n<\/div>\n<\/div>\n\n\n\n<div class=\"wp-block-columns alignwide are-vertically-aligned-top is-layout-flex wp-container-core-columns-is-layout-9d6595d7 wp-block-columns-is-layout-flex\">\n<div class=\"wp-block-column is-vertically-aligned-top is-layout-flow wp-block-column-is-layout-flow\">\n<h3 class=\"wp-block-heading\">Wachsende Zahl von Kryptow\u00e4hrungen<\/h3>\n\n\n\n<p>Es gibt mindestens 10000+ verschiedene Kryptow\u00e4hrungen, die an den zahlreichen Kryptow\u00e4hrungsb\u00f6rsen auf dem Markt notiert sind, mit einem immensen Wert von 1,5 Billionen Dollar in der ersten H\u00e4lfte des Jahres 2021 und einer Gesamtmarktkapitalisierung von mehr als 2,5 Billionen Dollar. Die Zahlen steigen von Tag zu Tag. Die meisten Kryptow\u00e4hrungen sind heute in der einen oder anderen Form von Bitcoin abgeleitet. Bitcoin verwendet einen quelloffenen Code und eine zensurresistente Architektur. Das bedeutet, dass jeder den Code kopieren und ver\u00e4ndern und seine eigene neue M\u00fcnze schaffen kann. Es bedeutet auch, dass es jedem freisteht, dem Netzwerk beizutreten oder Transaktionen durchzuf\u00fchren. <\/p>\n<\/div>\n<\/div>\n\n\n\n<div class=\"wp-block-columns alignwide are-vertically-aligned-top is-layout-flex wp-container-core-columns-is-layout-9d6595d7 wp-block-columns-is-layout-flex\">\n<div class=\"wp-block-column is-vertically-aligned-top is-layout-flow wp-block-column-is-layout-flow\">\n<h3 class=\"wp-block-heading\">Bitcoin oder welches? <\/h3>\n\n\n\n<p>Die meisten Nutzer denken sofort an Bitcoin oder manchmal an Ethereum, wenn sie die Arena des Kryptohandels betreten. Tatsache ist, dass viele andere, kleinere oder sogar weniger bekannte Kryptow\u00e4hrungen mitunter profitabler sind als die Hauptkryptow\u00e4hrung Bitcoin. Wir empfehlen Ihnen dringend, sich \u00fcber eine bestimmte Kryptow\u00e4hrung, in die Sie investieren m\u00f6chten, zu informieren. Kleine Kryptow\u00e4hrungen k\u00f6nnen billig sein, aber wie bei jeder Investition ist es ratsam, etwas Zeit zu investieren und die Anlage zu verstehen, die Sie kaufen.<\/p>\n<\/div>\n<\/div>\n\n\n\n<div style=\"height:25px\" aria-hidden=\"true\" class=\"wp-block-spacer\"><\/div>\n\n\n\n<figure class=\"wp-block-image alignwide size-full\"><img loading=\"lazy\" decoding=\"async\" width=\"649\" height=\"100\" src=\"https:\/\/www.finexfocus.com\/wp-content\/uploads\/2021\/12\/BlockchainSmall.png\" alt=\"\" class=\"wp-image-135\" srcset=\"https:\/\/www.finexfocus.com\/wp-content\/uploads\/2021\/12\/BlockchainSmall.png 649w, https:\/\/www.finexfocus.com\/wp-content\/uploads\/2021\/12\/BlockchainSmall-300x46.png 300w\" sizes=\"auto, (max-width: 649px) 100vw, 649px\" \/><\/figure>\n\n\n\n<div style=\"height:24px\" aria-hidden=\"true\" class=\"wp-block-spacer\"><\/div>\n\n\n\n<div class=\"wp-block-columns alignwide are-vertically-aligned-top is-layout-flex wp-container-core-columns-is-layout-9d6595d7 wp-block-columns-is-layout-flex\">\n<div class=\"wp-block-column is-vertically-aligned-top is-layout-flow wp-block-column-is-layout-flow\">\n<h3 class=\"wp-block-heading\">B\u00f6rsen \/ Makler<\/h3>\n\n\n\n<p>Es ist schwierig, die genaue Anzahl der B\u00f6rsen zu einem bestimmten Zeitpunkt zu bestimmen, da sie sich nicht bei einer zentralen Beh\u00f6rde registrieren lassen m\u00fcssen. Wir sch\u00e4tzen, dass es \u00fcber 500 B\u00f6rsen gibt, aber das kann sich jederzeit \u00e4ndern.  Da sie so \"einfach\" einzurichten sind, werden viele B\u00f6rsen eingerichtet und dann bei geringem oder gar keinem Interesse wieder geschlossen. F\u00fcr Sie ist es wichtig, die richtige B\u00f6rse zu w\u00e4hlen und Ihr Geld nicht an einer wilden B\u00f6rse \u00fcber Nacht zu verlieren.  <\/p>\n\n\n\n<p class=\"translation-block\"><span style=\"color:#203a62\" class=\"has-inline-color\"><a href=\"https:\/\/accounts.binance.com\/en\/register?ref=https:\/\/accounts.binance.com\/en\/register?ref=N0BNRFZE\" data-type=\"URL\" data-id=\"https:\/\/accounts.binance.com\/en\/register?ref=https:\/\/accounts.binance.com\/en\/register? ref=N0BNRFZE\" target=\"_blank\" rel=\"noreferrer noopener\">Binance<\/a> oder <a rel=\"noreferrer noopener\" href=\"https:\/\/bittrex.com\/account\/register?referralCode=ND2-3P5-TLJ\" data-type=\"URL\" data-id=\"https:\/\/bittrex.com\/account\/register?referralCode=ND2-3P5-TLJ\" target=\"_blank\">Bittrex<\/a> B\u00f6rse<\/span> sind bew\u00e4hrte Kryptow\u00e4hrungsb\u00f6rsen mit einer hervorragenden Erfolgsbilanz.<\/p>\n<\/div>\n<\/div>\n\n\n\n<div class=\"wp-block-columns alignwide are-vertically-aligned-top is-layout-flex wp-container-core-columns-is-layout-9d6595d7 wp-block-columns-is-layout-flex\">\n<div class=\"wp-block-column is-vertically-aligned-top is-layout-flow wp-block-column-is-layout-flow\">\n<h3 class=\"wp-block-heading\">Binance<\/h3>\n\n\n\n<p>Start your trading journey at Binance and if you use our reference code you will receive a permanent of 10% discount on all trading costs*. <br>Trading costs are the costs that a broker (in this case Binance) charges for executing your buy and\/or sell order(s). <\/p>\n\n\n\n<div class=\"wp-block-buttons is-content-justification-center is-layout-flex wp-block-buttons-is-layout-flex\">\n<div class=\"wp-block-button has-custom-width wp-block-button__width-25 is-style-fill\"><a class=\"wp-block-button__link has-black-color has-text-color has-background\" href=\"https:\/\/accounts.binance.com\/en\/register?ref=https:\/\/accounts.binance.com\/en\/register?ref=N0BNRFZE\" style=\"border-radius:39px;background-color:#f3a21c\" target=\"_blank\" rel=\"noreferrer noopener\">Jetzt anmelden<\/a><\/div>\n<\/div>\n<\/div>\n<\/div>\n\n\n\n<div class=\"wp-block-columns alignwide are-vertically-aligned-top is-layout-flex wp-container-core-columns-is-layout-9d6595d7 wp-block-columns-is-layout-flex\">\n<div class=\"wp-block-column is-vertically-aligned-top is-layout-flow wp-block-column-is-layout-flow\">\n<h3 class=\"wp-block-heading\">Bittrex<\/h3>\n\n\n\n<p class=\"translation-block\">Beginnen Sie Ihre Handelsreise bei Bittrex. Bittrex verwendet eine andere Art von Rabatt auf die Handelskosten. Lesen Sie <a href=\"https:\/\/www.finexfocus.com\/de\/bittrex\/\" data-type=\"page\" data-id=\"120\" target=\"_self\">mehr<\/a> \u00fcber das Bittrex Referral Programm.<\/p>\n\n\n\n<div class=\"wp-block-buttons is-content-justification-center is-layout-flex wp-block-buttons-is-layout-flex\">\n<div class=\"wp-block-button has-custom-width wp-block-button__width-25 is-style-fill\"><a class=\"wp-block-button__link has-white-color has-text-color has-background\" href=\"https:\/\/bittrex.com\/account\/register?referralCode=ND2-3P5-TLJ\" style=\"border-radius:39px;background-color:#1e4dc5\" target=\"_blank\" rel=\"noreferrer noopener\">Jetzt anmelden<\/a><\/div>\n<\/div>\n<\/div>\n<\/div>\n\n\n\n<div style=\"height:55px\" aria-hidden=\"true\" class=\"wp-block-spacer\"><\/div>\n\n\n\n<p><\/p>","protected":false},"excerpt":{"rendered":"<p>Right now, money is losing its value very quickly. Most banks charge fees to leave your money in the account. On savings accounts, the interest rate is almost zero. If you consider that cryptos, such as bitcoin for example, have achieved +300% returns in the last 3 years, then it quickly becomes clear what you&hellip; <a class=\"more-link\" href=\"https:\/\/www.finexfocus.com\/de\/\"><span class=\"screen-reader-text\">Crypto Binance Bittrex<\/span> weiterlesen<\/a><\/p>","protected":false},"author":1,"featured_media":0,"parent":0,"menu_order":0,"comment_status":"closed","ping_status":"closed","template":"","meta":{"footnotes":""},"class_list":["post-5","page","type-page","status-publish","hentry","entry"],"yoast_head":"<!-- This site is optimized with the Yoast SEO plugin v27.5 - https:\/\/yoast.com\/product\/yoast-seo-wordpress\/ -->\n<title>Crypto Binance Bittrex - Crypto is the Future money<\/title>\n<meta name=\"robots\" content=\"index, follow, max-snippet:-1, max-image-preview:large, max-video-preview:-1\" \/>\n<link rel=\"canonical\" href=\"https:\/\/www.finexfocus.com\/de\/\" \/>\n<meta property=\"og:locale\" content=\"de_DE\" \/>\n<meta property=\"og:type\" content=\"article\" \/>\n<meta property=\"og:title\" content=\"Crypto Binance Bittrex - Crypto is the Future money\" \/>\n<meta property=\"og:description\" content=\"Right now, money is losing its value very quickly. Most banks charge fees to leave your money in the account. On savings accounts, the interest rate is almost zero. If you consider that cryptos, such as bitcoin for example, have achieved +300% returns in the last 3 years, then it quickly becomes clear what you&hellip; Crypto Binance Bittrex weiterlesen\" \/>\n<meta property=\"og:url\" content=\"https:\/\/www.finexfocus.com\/de\/\" \/>\n<meta property=\"og:site_name\" content=\"Crypto is the Future money\" \/>\n<meta property=\"article:modified_time\" content=\"2021-12-15T09:34:42+00:00\" \/>\n<meta property=\"og:image\" content=\"https:\/\/www.finexfocus.com\/wp-content\/uploads\/2021\/12\/BlockchainSmall.png\" \/>\n<meta name=\"twitter:card\" content=\"summary_large_image\" \/>\n<meta name=\"twitter:label1\" content=\"Gesch\u00e4tzte Lesezeit\" \/>\n\t<meta name=\"twitter:data1\" content=\"3\u00a0Minuten\" \/>\n<script type=\"application\/ld+json\" class=\"yoast-schema-graph\">{\"@context\":\"https:\\\/\\\/schema.org\",\"@graph\":[{\"@type\":\"WebPage\",\"@id\":\"https:\\\/\\\/www.finexfocus.com\\\/\",\"url\":\"https:\\\/\\\/www.finexfocus.com\\\/\",\"name\":\"Crypto Binance Bittrex - Crypto is the Future money\",\"isPartOf\":{\"@id\":\"https:\\\/\\\/www.finexfocus.com\\\/#website\"},\"primaryImageOfPage\":{\"@id\":\"https:\\\/\\\/www.finexfocus.com\\\/#primaryimage\"},\"image\":{\"@id\":\"https:\\\/\\\/www.finexfocus.com\\\/#primaryimage\"},\"thumbnailUrl\":\"https:\\\/\\\/www.finexfocus.com\\\/wp-content\\\/uploads\\\/2021\\\/12\\\/BlockchainSmall.png\",\"datePublished\":\"2021-11-23T15:49:13+00:00\",\"dateModified\":\"2021-12-15T09:34:42+00:00\",\"breadcrumb\":{\"@id\":\"https:\\\/\\\/www.finexfocus.com\\\/#breadcrumb\"},\"inLanguage\":\"de\",\"potentialAction\":[{\"@type\":\"ReadAction\",\"target\":[\"https:\\\/\\\/www.finexfocus.com\\\/\"]}]},{\"@type\":\"ImageObject\",\"inLanguage\":\"de\",\"@id\":\"https:\\\/\\\/www.finexfocus.com\\\/#primaryimage\",\"url\":\"https:\\\/\\\/www.finexfocus.com\\\/wp-content\\\/uploads\\\/2021\\\/12\\\/BlockchainSmall.png\",\"contentUrl\":\"https:\\\/\\\/www.finexfocus.com\\\/wp-content\\\/uploads\\\/2021\\\/12\\\/BlockchainSmall.png\"},{\"@type\":\"BreadcrumbList\",\"@id\":\"https:\\\/\\\/www.finexfocus.com\\\/#breadcrumb\",\"itemListElement\":[{\"@type\":\"ListItem\",\"position\":1,\"name\":\"Home\",\"item\":\"https:\\\/\\\/www.finexfocus.com\\\/\"},{\"@type\":\"ListItem\",\"position\":2,\"name\":\"Crypto Binance Bittrex\"}]},{\"@type\":\"WebSite\",\"@id\":\"https:\\\/\\\/www.finexfocus.com\\\/#website\",\"url\":\"https:\\\/\\\/www.finexfocus.com\\\/\",\"name\":\"Crypto is the Future money\",\"description\":\"Start earning passive income through the growing crypto market using referral codes\",\"publisher\":{\"@id\":\"https:\\\/\\\/www.finexfocus.com\\\/#organization\"},\"potentialAction\":[{\"@type\":\"SearchAction\",\"target\":{\"@type\":\"EntryPoint\",\"urlTemplate\":\"https:\\\/\\\/www.finexfocus.com\\\/?s={search_term_string}\"},\"query-input\":{\"@type\":\"PropertyValueSpecification\",\"valueRequired\":true,\"valueName\":\"search_term_string\"}}],\"inLanguage\":\"de\"},{\"@type\":\"Organization\",\"@id\":\"https:\\\/\\\/www.finexfocus.com\\\/#organization\",\"name\":\"Financial Exchange Focus on Crypto\",\"url\":\"https:\\\/\\\/www.finexfocus.com\\\/\",\"logo\":{\"@type\":\"ImageObject\",\"inLanguage\":\"de\",\"@id\":\"https:\\\/\\\/www.finexfocus.com\\\/#\\\/schema\\\/logo\\\/image\\\/\",\"url\":\"https:\\\/\\\/www.finexfocus.com\\\/wp-content\\\/uploads\\\/2021\\\/12\\\/LogoFinexfocus.png\",\"contentUrl\":\"https:\\\/\\\/www.finexfocus.com\\\/wp-content\\\/uploads\\\/2021\\\/12\\\/LogoFinexfocus.png\",\"width\":143,\"height\":144,\"caption\":\"Financial Exchange Focus on Crypto\"},\"image\":{\"@id\":\"https:\\\/\\\/www.finexfocus.com\\\/#\\\/schema\\\/logo\\\/image\\\/\"}}]}<\/script>\n<!-- \/ Yoast SEO plugin. -->","yoast_head_json":{"title":"Crypto Binance Bittrex - Crypto is the Future money","robots":{"index":"index","follow":"follow","max-snippet":"max-snippet:-1","max-image-preview":"max-image-preview:large","max-video-preview":"max-video-preview:-1"},"canonical":"https:\/\/www.finexfocus.com\/de\/","og_locale":"de_DE","og_type":"article","og_title":"Crypto Binance Bittrex - Crypto is the Future money","og_description":"Right now, money is losing its value very quickly. Most banks charge fees to leave your money in the account. On savings accounts, the interest rate is almost zero. If you consider that cryptos, such as bitcoin for example, have achieved +300% returns in the last 3 years, then it quickly becomes clear what you&hellip; Crypto Binance Bittrex weiterlesen","og_url":"https:\/\/www.finexfocus.com\/de\/","og_site_name":"Crypto is the Future money","article_modified_time":"2021-12-15T09:34:42+00:00","og_image":[{"url":"https:\/\/www.finexfocus.com\/wp-content\/uploads\/2021\/12\/BlockchainSmall.png","type":"","width":"","height":""}],"twitter_card":"summary_large_image","twitter_misc":{"Gesch\u00e4tzte Lesezeit":"3\u00a0Minuten"},"schema":{"@context":"https:\/\/schema.org","@graph":[{"@type":"WebPage","@id":"https:\/\/www.finexfocus.com\/","url":"https:\/\/www.finexfocus.com\/","name":"Crypto Binance Bittrex - Crypto is the Future money","isPartOf":{"@id":"https:\/\/www.finexfocus.com\/#website"},"primaryImageOfPage":{"@id":"https:\/\/www.finexfocus.com\/#primaryimage"},"image":{"@id":"https:\/\/www.finexfocus.com\/#primaryimage"},"thumbnailUrl":"https:\/\/www.finexfocus.com\/wp-content\/uploads\/2021\/12\/BlockchainSmall.png","datePublished":"2021-11-23T15:49:13+00:00","dateModified":"2021-12-15T09:34:42+00:00","breadcrumb":{"@id":"https:\/\/www.finexfocus.com\/#breadcrumb"},"inLanguage":"de","potentialAction":[{"@type":"ReadAction","target":["https:\/\/www.finexfocus.com\/"]}]},{"@type":"ImageObject","inLanguage":"de","@id":"https:\/\/www.finexfocus.com\/#primaryimage","url":"https:\/\/www.finexfocus.com\/wp-content\/uploads\/2021\/12\/BlockchainSmall.png","contentUrl":"https:\/\/www.finexfocus.com\/wp-content\/uploads\/2021\/12\/BlockchainSmall.png"},{"@type":"BreadcrumbList","@id":"https:\/\/www.finexfocus.com\/#breadcrumb","itemListElement":[{"@type":"ListItem","position":1,"name":"Home","item":"https:\/\/www.finexfocus.com\/"},{"@type":"ListItem","position":2,"name":"Crypto Binance Bittrex"}]},{"@type":"WebSite","@id":"https:\/\/www.finexfocus.com\/#website","url":"https:\/\/www.finexfocus.com\/","name":"Krypto ist das Geld der Zukunft","description":"Verdienen Sie passives Einkommen durch den wachsenden Kryptomarkt mit Referral Codes","publisher":{"@id":"https:\/\/www.finexfocus.com\/#organization"},"potentialAction":[{"@type":"SearchAction","target":{"@type":"EntryPoint","urlTemplate":"https:\/\/www.finexfocus.com\/?s={search_term_string}"},"query-input":{"@type":"PropertyValueSpecification","valueRequired":true,"valueName":"search_term_string"}}],"inLanguage":"de"},{"@type":"Organization","@id":"https:\/\/www.finexfocus.com\/#organization","name":"Financial Exchange Focus on Crypto","url":"https:\/\/www.finexfocus.com\/","logo":{"@type":"ImageObject","inLanguage":"de","@id":"https:\/\/www.finexfocus.com\/#\/schema\/logo\/image\/","url":"https:\/\/www.finexfocus.com\/wp-content\/uploads\/2021\/12\/LogoFinexfocus.png","contentUrl":"https:\/\/www.finexfocus.com\/wp-content\/uploads\/2021\/12\/LogoFinexfocus.png","width":143,"height":144,"caption":"Financial Exchange Focus on Crypto"},"image":{"@id":"https:\/\/www.finexfocus.com\/#\/schema\/logo\/image\/"}}]}},"_links":{"self":[{"href":"https:\/\/www.finexfocus.com\/de\/wp-json\/wp\/v2\/pages\/5","targetHints":{"allow":["GET"]}}],"collection":[{"href":"https:\/\/www.finexfocus.com\/de\/wp-json\/wp\/v2\/pages"}],"about":[{"href":"https:\/\/www.finexfocus.com\/de\/wp-json\/wp\/v2\/types\/page"}],"author":[{"embeddable":true,"href":"https:\/\/www.finexfocus.com\/de\/wp-json\/wp\/v2\/users\/1"}],"replies":[{"embeddable":true,"href":"https:\/\/www.finexfocus.com\/de\/wp-json\/wp\/v2\/comments?post=5"}],"version-history":[{"count":33,"href":"https:\/\/www.finexfocus.com\/de\/wp-json\/wp\/v2\/pages\/5\/revisions"}],"predecessor-version":[{"id":171,"href":"https:\/\/www.finexfocus.com\/de\/wp-json\/wp\/v2\/pages\/5\/revisions\/171"}],"wp:attachment":[{"href":"https:\/\/www.finexfocus.com\/de\/wp-json\/wp\/v2\/media?parent=5"}],"curies":[{"name":"wp","href":"https:\/\/api.w.org\/{rel}","templated":true}]}}